{"id":95087,"date":"2024-06-04T14:46:04","date_gmt":"2024-06-04T14:46:04","guid":{"rendered":"https:\/\/roca.developedby.gold\/memoria_roca_2023\/?page_id=95087"},"modified":"2024-06-20T06:30:17","modified_gmt":"2024-06-20T06:30:17","slug":"horno-electrico","status":"publish","type":"page","link":"https:\/\/rocagroup.com\/2023_report\/planeta\/horno-electrico\/","title":{"rendered":"Horno el\u00e9ctrico"},"content":{"rendered":"\t\t<div data-elementor-type=\"wp-page\" data-elementor-id=\"95087\" class=\"elementor elementor-95087\" data-elementor-post-type=\"page\">\n\t\t\t\t<div class=\"elementor-element elementor-element-c635ab8 e-flex e-con-boxed e-con e-parent\" data-id=\"c635ab8\" data-element_type=\"container\">\n\t\t\t\t\t<div class=\"e-con-inner\">\n\t\t<div class=\"elementor-element elementor-element-2ee6e38 e-flex e-con-boxed e-con e-child\" data-id=\"2ee6e38\" data-element_type=\"container\">\n\t\t\t\t\t<div class=\"e-con-inner\">\n\t\t<div class=\"elementor-element elementor-element-ef6da49 e-con-full e-flex e-con e-child\" data-id=\"ef6da49\" data-element_type=\"container\">\n\t\t\t\t<div class=\"elementor-element elementor-element-d4e38a2 elementor-widget elementor-widget-spacer\" data-id=\"d4e38a2\" data-element_type=\"widget\" data-widget_type=\"spacer.default\">\n\t\t\t\t<div class=\"elementor-widget-container\">\n\t\t\t\t\t<div class=\"elementor-spacer\">\n\t\t\t<div class=\"elementor-spacer-inner\"><\/div>\n\t\t<\/div>\n\t\t\t\t<\/div>\n\t\t\t\t<\/div>\n\t\t\t\t<\/div>\n\t\t<div class=\"elementor-element elementor-element-c68ab1f e-con-full e-flex e-con e-child\" data-id=\"c68ab1f\" data-element_type=\"container\">\n\t\t\t\t<div class=\"elementor-element elementor-element-6083fee elementor-align-left e-transform elementor-widget elementor-widget-the7_icon_widget\" data-id=\"6083fee\" data-element_type=\"widget\" data-settings=\"{&quot;_transform_rotateZ_effect&quot;:{&quot;unit&quot;:&quot;px&quot;,&quot;size&quot;:-90,&quot;sizes&quot;:[]},&quot;_transform_rotateZ_effect_tablet&quot;:{&quot;unit&quot;:&quot;deg&quot;,&quot;size&quot;:&quot;&quot;,&quot;sizes&quot;:[]},&quot;_transform_rotateZ_effect_mobile&quot;:{&quot;unit&quot;:&quot;deg&quot;,&quot;size&quot;:&quot;&quot;,&quot;sizes&quot;:[]}}\" data-widget_type=\"the7_icon_widget.default\">\n\t\t\t\t<div class=\"elementor-widget-container\">\n\t\t\t<div class=\"the7-icon-wrapper the7-elementor-widget\"><a class=\"elementor-icon\" href=\"https:\/\/rocagroup.com\/2023_report\/planeta\/\"><svg xmlns=\"http:\/\/www.w3.org\/2000\/svg\" xmlns:xlink=\"http:\/\/www.w3.org\/1999\/xlink\" id=\"Componente_36_2\" x=\"0px\" y=\"0px\" viewBox=\"0 0 49 49\" style=\"enable-background:new 0 0 49 49;\" xml:space=\"preserve\"><g id=\"Trazado_7646\">\t<polygon points=\"10.6,30.2 9.6,29.1 24,14.7 38.5,29.1 37.4,30.2 24,16.8  \"><\/polygon><\/g><\/svg><\/a><\/div>\t\t<\/div>\n\t\t\t\t<\/div>\n\t\t\t\t<\/div>\n\t\t\t\t\t<\/div>\n\t\t\t\t<\/div>\n\t\t\t\t\t<\/div>\n\t\t\t\t<\/div>\n\t\t<div class=\"elementor-element elementor-element-a02dcb2 elementor-hidden-desktop e-flex e-con-boxed e-con e-parent\" data-id=\"a02dcb2\" data-element_type=\"container\">\n\t\t\t\t\t<div class=\"e-con-inner\">\n\t\t\t\t<div class=\"elementor-element elementor-element-f7eaf66 elementor-widget elementor-widget-video\" data-id=\"f7eaf66\" data-element_type=\"widget\" data-settings=\"{&quot;show_image_overlay&quot;:&quot;yes&quot;,&quot;image_overlay&quot;:{&quot;url&quot;:&quot;https:\\\/\\\/roca.developedby.gold\\\/memoria_roca_2023\\\/wp-content\\\/uploads\\\/2024\\\/06\\\/Captura-de-pantalla-2024-05-24-a-las-9.28.png&quot;,&quot;id&quot;:95117,&quot;size&quot;:&quot;&quot;,&quot;alt&quot;:&quot;&quot;,&quot;source&quot;:&quot;library&quot;},&quot;video_type&quot;:&quot;hosted&quot;,&quot;controls&quot;:&quot;yes&quot;}\" data-widget_type=\"video.default\">\n\t\t\t\t<div class=\"elementor-widget-container\">\n\t\t\t\t\t<div class=\"e-hosted-video elementor-wrapper elementor-open-inline\">\n\t\t\t\t\t<video class=\"elementor-video\" src=\"https:\/\/roca.developedby.gold\/wp-content\/uploads\/2024\/02\/ekiln_story.mp4\" controls=\"\" preload=\"metadata\" controlsList=\"nodownload\"><\/video>\n\t\t\t\t\t\t<div class=\"elementor-custom-embed-image-overlay\" style=\"background-image: url(https:\/\/rocagroup.com\/2023_report\/wp-content\/uploads\/2024\/06\/Captura-de-pantalla-2024-05-24-a-las-9.28.png);\">\n\t\t\t\t\t\t\t\t\t\t\t\t\t\t<\/div>\n\t\t\t\t\t<\/div>\n\t\t\t\t<\/div>\n\t\t\t\t<\/div>\n\t\t\t\t\t<\/div>\n\t\t\t\t<\/div>\n\t\t<div class=\"elementor-element elementor-element-1410e51 elementor-hidden-desktop e-flex e-con-boxed e-con e-parent\" data-id=\"1410e51\" data-element_type=\"container\">\n\t\t\t\t\t<div class=\"e-con-inner\">\n\t\t\t\t<div class=\"elementor-element elementor-element-1aded61 elementor-invisible elementor-widget elementor-widget-heading\" data-id=\"1aded61\" data-element_type=\"widget\" data-settings=\"{&quot;_animation&quot;:&quot;slideInLeft&quot;}\" data-widget_type=\"heading.default\">\n\t\t\t\t<div class=\"elementor-widget-container\">\n\t\t\t<h3 class=\"elementor-heading-title elementor-size-default\">DESCARBONIZACI\u00d3N<\/h3>\t\t<\/div>\n\t\t\t\t<\/div>\n\t\t\t\t<div class=\"elementor-element elementor-element-afc20e0 elementor-invisible elementor-widget elementor-widget-heading\" data-id=\"afc20e0\" data-element_type=\"widget\" data-settings=\"{&quot;_animation&quot;:&quot;slideInLeft&quot;}\" data-widget_type=\"heading.default\">\n\t\t\t\t<div class=\"elementor-widget-container\">\n\t\t\t<h1 class=\"elementor-heading-title elementor-size-default\">Pioneros en la producci\u00f3n de porcelana sanitaria sin emisiones<\/h1>\t\t<\/div>\n\t\t\t\t<\/div>\n\t\t<div class=\"elementor-element elementor-element-982f4d7 e-flex e-con-boxed e-con e-child\" data-id=\"982f4d7\" data-element_type=\"container\" data-settings=\"{&quot;background_background&quot;:&quot;classic&quot;}\">\n\t\t\t\t\t<div class=\"e-con-inner\">\n\t\t\t\t<div class=\"elementor-element elementor-element-d6fe978 elementor-widget elementor-widget-text-editor\" data-id=\"d6fe978\" data-element_type=\"widget\" data-widget_type=\"text-editor.default\">\n\t\t\t\t<div class=\"elementor-widget-container\">\n\t\t\t\t\t\t\t<p><strong>Efecto tractor en el sector<br \/><\/strong>Impulso de una industria cer\u00e1mica sostenible, tanto en la producci\u00f3n de sanitarios como de otros productos (cer\u00e1mica estructural y t\u00e9cnica o vajilla).<\/p><p><strong>Caso de \u00e9xito europeo<br \/><\/strong> Colaboraci\u00f3n entre la sede de Roca Group en Espa\u00f1a, la planta en Austria y Keramischer OFENBAU en Alemania.<\/p>\t\t\t\t\t\t<\/div>\n\t\t\t\t<\/div>\n\t\t\t\t\t<\/div>\n\t\t\t\t<\/div>\n\t\t<div class=\"elementor-element elementor-element-6751ce9 e-grid e-con-boxed e-con e-child\" data-id=\"6751ce9\" data-element_type=\"container\">\n\t\t\t\t\t<div class=\"e-con-inner\">\n\t\t\t\t<div class=\"elementor-element elementor-element-3145420 elementor-position-top elementor-widget elementor-widget-image-box\" data-id=\"3145420\" data-element_type=\"widget\" data-widget_type=\"image-box.default\">\n\t\t\t\t<div class=\"elementor-widget-container\">\n\t\t\t<div class=\"elementor-image-box-wrapper\"><figure class=\"elementor-image-box-img\"><img fetchpriority=\"high\" decoding=\"async\" width=\"637\" height=\"342\" src=\"https:\/\/rocagroup.com\/2023_report\/wp-content\/uploads\/2024\/06\/Horno-eleectrico-placas-solares.jpg\" class=\"attachment-full size-full wp-image-97227\" alt=\"\" srcset=\"https:\/\/rocagroup.com\/2023_report\/wp-content\/uploads\/2024\/06\/Horno-eleectrico-placas-solares.jpg 637w, https:\/\/rocagroup.com\/2023_report\/wp-content\/uploads\/2024\/06\/Horno-eleectrico-placas-solares-300x161.jpg 300w\" sizes=\"(max-width: 637px) 100vw, 637px\" \/><\/figure><div class=\"elementor-image-box-content\"><h3 class=\"elementor-image-box-title\">Gmunden, primera planta de porcelana sanitaria del mundo con cero emisiones netas en 2024<\/h3><p class=\"elementor-image-box-description\">La planta del grupo en Gmunden, que ya utiliza electricidad 100% de origen renovable, fue elegida para la primera implantaci\u00f3n del horno el\u00e9ctrico por su especializaci\u00f3n en la producci\u00f3n de piezas de \u00faltima generaci\u00f3n y alta calidad. La incorporaci\u00f3n de esta tecnolog\u00eda asegura que se convierta en la primera planta de producci\u00f3n de sanitarios del mundo con cero emisiones netas.<\/p><\/div><\/div>\t\t<\/div>\n\t\t\t\t<\/div>\n\t\t<div class=\"elementor-element elementor-element-1b7bcf9 e-flex e-con-boxed e-con e-child\" data-id=\"1b7bcf9\" data-element_type=\"container\">\n\t\t\t\t\t<div class=\"e-con-inner\">\n\t\t\t\t<div class=\"elementor-element elementor-element-eb1688d elementor-position-top elementor-widget elementor-widget-image-box\" data-id=\"eb1688d\" data-element_type=\"widget\" data-widget_type=\"image-box.default\">\n\t\t\t\t<div class=\"elementor-widget-container\">\n\t\t\t<div class=\"elementor-image-box-wrapper\"><figure class=\"elementor-image-box-img\"><img decoding=\"async\" width=\"637\" height=\"342\" src=\"https:\/\/rocagroup.com\/2023_report\/wp-content\/uploads\/2024\/06\/foto.jpg\" class=\"attachment-full size-full wp-image-97120\" alt=\"\" srcset=\"https:\/\/rocagroup.com\/2023_report\/wp-content\/uploads\/2024\/06\/foto.jpg 637w, https:\/\/rocagroup.com\/2023_report\/wp-content\/uploads\/2024\/06\/foto-300x161.jpg 300w\" sizes=\"(max-width: 637px) 100vw, 637px\" \/><\/figure><div class=\"elementor-image-box-content\"><h3 class=\"elementor-image-box-title\">Participaci\u00f3n en Keramischer OFENBAU para liderar la industria cer\u00e1mica sostenible<\/h3><p class=\"elementor-image-box-description\">El proyecto se ha llevado a cabo mediante una colaboraci\u00f3n pionera con Keramischer OFENBAU, l\u00edder en el mercado de hornos cer\u00e1micos energ\u00e9ticamente eficientes. Para avanzar conjuntamente hacia una industria cer\u00e1mica sostenible, el grupo ha adquirido una participaci\u00f3n mayoritaria en la compa\u00f1\u00eda a trav\u00e9s de Roca Group Ventures, aunque ambos negocios se mantendr\u00e1n totalmente independientes.<\/p><\/div><\/div>\t\t<\/div>\n\t\t\t\t<\/div>\n\t\t\t\t<div class=\"elementor-element elementor-element-98d39a1 elementor-widget elementor-widget-image\" data-id=\"98d39a1\" data-element_type=\"widget\" data-widget_type=\"image.default\">\n\t\t\t\t<div class=\"elementor-widget-container\">\n\t\t\t\t\t\t\t\t\t\t\t\t\t<img decoding=\"async\" src=\"https:\/\/rocagroup.com\/2023_report\/wp-content\/uploads\/elementor\/thumbs\/Grupo-5341@2x-qpudopypwtu0y1tq9edetw4ru9t800qyl6mjmwnrl6.png\" title=\"Grupo-5341@2x\" alt=\"Grupo-5341@2x\" loading=\"lazy\" \/>\t\t\t\t\t\t\t\t\t\t\t\t\t<\/div>\n\t\t\t\t<\/div>\n\t\t\t\t\t<\/div>\n\t\t\t\t<\/div>\n\t\t\t\t\t<\/div>\n\t\t\t\t<\/div>\n\t\t\t\t\t<\/div>\n\t\t\t\t<\/div>\n\t\t<div class=\"elementor-element elementor-element-3a50a13 elementor-hidden-mobile elementor-hidden-tablet e-flex e-con-boxed e-con e-parent\" data-id=\"3a50a13\" data-element_type=\"container\">\n\t\t\t\t\t<div class=\"e-con-inner\">\n\t\t<div class=\"elementor-element elementor-element-f0c8508 e-con-full e-flex e-con e-child\" data-id=\"f0c8508\" data-element_type=\"container\">\n\t\t\t\t<div class=\"elementor-element elementor-element-5a7228a elementor-invisible elementor-widget elementor-widget-heading\" data-id=\"5a7228a\" data-element_type=\"widget\" data-settings=\"{&quot;_animation&quot;:&quot;slideInLeft&quot;}\" data-widget_type=\"heading.default\">\n\t\t\t\t<div class=\"elementor-widget-container\">\n\t\t\t<h3 class=\"elementor-heading-title elementor-size-default\">DESCARBONIZACI\u00d3N<\/h3>\t\t<\/div>\n\t\t\t\t<\/div>\n\t\t\t\t<div class=\"elementor-element elementor-element-494a070 elementor-invisible elementor-widget elementor-widget-heading\" data-id=\"494a070\" data-element_type=\"widget\" data-settings=\"{&quot;_animation&quot;:&quot;slideInLeft&quot;}\" data-widget_type=\"heading.default\">\n\t\t\t\t<div class=\"elementor-widget-container\">\n\t\t\t<h1 class=\"elementor-heading-title elementor-size-default\">Pioneros en la producci\u00f3n de porcelana sanitaria sin emisiones<\/h1>\t\t<\/div>\n\t\t\t\t<\/div>\n\t\t<div class=\"elementor-element elementor-element-4a446f8 e-flex e-con-boxed e-con e-child\" data-id=\"4a446f8\" data-element_type=\"container\" data-settings=\"{&quot;background_background&quot;:&quot;classic&quot;}\">\n\t\t\t\t\t<div class=\"e-con-inner\">\n\t\t\t\t<div class=\"elementor-element elementor-element-b293e67 elementor-widget elementor-widget-text-editor\" data-id=\"b293e67\" data-element_type=\"widget\" data-widget_type=\"text-editor.default\">\n\t\t\t\t<div class=\"elementor-widget-container\">\n\t\t\t\t\t\t\t<p><strong>Efecto tractor en el sector<br \/><\/strong>Impulso de una industria cer\u00e1mica sostenible, tanto en la producci\u00f3n de sanitarios como de otros productos (cer\u00e1mica estructural y t\u00e9cnica o vajilla).<\/p><p><strong>Caso de \u00e9xito europeo<br \/><\/strong> Colaboraci\u00f3n entre la sede de Roca Group en Espa\u00f1a, la planta en Austria y Keramischer OFENBAU en Alemania.<\/p>\t\t\t\t\t\t<\/div>\n\t\t\t\t<\/div>\n\t\t\t\t\t<\/div>\n\t\t\t\t<\/div>\n\t\t\t\t<\/div>\n\t\t<div class=\"elementor-element elementor-element-7146897 e-con-full e-flex e-con e-child\" data-id=\"7146897\" data-element_type=\"container\">\n\t\t\t\t<div class=\"elementor-element elementor-element-9ea3975 elementor-widget elementor-widget-video\" data-id=\"9ea3975\" data-element_type=\"widget\" data-settings=\"{&quot;show_image_overlay&quot;:&quot;yes&quot;,&quot;image_overlay&quot;:{&quot;url&quot;:&quot;https:\\\/\\\/roca.developedby.gold\\\/memoria_roca_2023\\\/wp-content\\\/uploads\\\/2024\\\/06\\\/Captura-de-pantalla-2024-05-24-a-las-9.28.png&quot;,&quot;id&quot;:95117,&quot;size&quot;:&quot;&quot;,&quot;alt&quot;:&quot;&quot;,&quot;source&quot;:&quot;library&quot;},&quot;video_type&quot;:&quot;hosted&quot;,&quot;controls&quot;:&quot;yes&quot;}\" data-widget_type=\"video.default\">\n\t\t\t\t<div class=\"elementor-widget-container\">\n\t\t\t\t\t<div class=\"e-hosted-video elementor-wrapper elementor-open-inline\">\n\t\t\t\t\t<video class=\"elementor-video\" src=\"https:\/\/roca.developedby.gold\/wp-content\/uploads\/2024\/02\/ekiln_story.mp4\" controls=\"\" preload=\"metadata\" controlsList=\"nodownload\"><\/video>\n\t\t\t\t\t\t<div class=\"elementor-custom-embed-image-overlay\" style=\"background-image: url(https:\/\/rocagroup.com\/2023_report\/wp-content\/uploads\/2024\/06\/Captura-de-pantalla-2024-05-24-a-las-9.28.png);\">\n\t\t\t\t\t\t\t\t\t\t\t\t\t\t<\/div>\n\t\t\t\t\t<\/div>\n\t\t\t\t<\/div>\n\t\t\t\t<\/div>\n\t\t\t\t<\/div>\n\t\t\t\t\t<\/div>\n\t\t\t\t<\/div>\n\t\t<div class=\"elementor-element elementor-element-5f88b51 elementor-hidden-mobile elementor-hidden-tablet e-flex e-con-boxed elementor-invisible e-con e-parent\" data-id=\"5f88b51\" data-element_type=\"container\" data-settings=\"{&quot;background_background&quot;:&quot;classic&quot;,&quot;animation&quot;:&quot;fadeIn&quot;}\">\n\t\t\t\t\t<div class=\"e-con-inner\">\n\t\t<div class=\"elementor-element elementor-element-686edd0 e-grid e-con-boxed e-con e-child\" data-id=\"686edd0\" data-element_type=\"container\">\n\t\t\t\t\t<div class=\"e-con-inner\">\n\t\t\t\t<div class=\"elementor-element elementor-element-decc230 elementor-position-top elementor-widget elementor-widget-image-box\" data-id=\"decc230\" data-element_type=\"widget\" data-widget_type=\"image-box.default\">\n\t\t\t\t<div class=\"elementor-widget-container\">\n\t\t\t<div class=\"elementor-image-box-wrapper\"><figure class=\"elementor-image-box-img\"><img fetchpriority=\"high\" decoding=\"async\" width=\"637\" height=\"342\" src=\"https:\/\/rocagroup.com\/2023_report\/wp-content\/uploads\/2024\/06\/Horno-eleectrico-placas-solares.jpg\" class=\"attachment-full size-full wp-image-97227\" alt=\"\" srcset=\"https:\/\/rocagroup.com\/2023_report\/wp-content\/uploads\/2024\/06\/Horno-eleectrico-placas-solares.jpg 637w, https:\/\/rocagroup.com\/2023_report\/wp-content\/uploads\/2024\/06\/Horno-eleectrico-placas-solares-300x161.jpg 300w\" sizes=\"(max-width: 637px) 100vw, 637px\" \/><\/figure><div class=\"elementor-image-box-content\"><h3 class=\"elementor-image-box-title\">Gmunden, primera planta de porcelana sanitaria del mundo con cero emisiones netas en 2024<\/h3><p class=\"elementor-image-box-description\">La planta del grupo en Gmunden, que ya utiliza electricidad 100% de origen renovable, fue elegida para la primera implantaci\u00f3n del horno el\u00e9ctrico por su especializaci\u00f3n en la producci\u00f3n de piezas de \u00faltima generaci\u00f3n y alta calidad. La incorporaci\u00f3n de esta tecnolog\u00eda asegura que se convierta en la primera planta de producci\u00f3n de sanitarios del mundo con cero emisiones netas.<\/p><\/div><\/div>\t\t<\/div>\n\t\t\t\t<\/div>\n\t\t<div class=\"elementor-element elementor-element-ae53c56 e-flex e-con-boxed e-con e-child\" data-id=\"ae53c56\" data-element_type=\"container\">\n\t\t\t\t\t<div class=\"e-con-inner\">\n\t\t\t\t<div class=\"elementor-element elementor-element-c191c9c elementor-position-top elementor-widget elementor-widget-image-box\" data-id=\"c191c9c\" data-element_type=\"widget\" data-widget_type=\"image-box.default\">\n\t\t\t\t<div class=\"elementor-widget-container\">\n\t\t\t<div class=\"elementor-image-box-wrapper\"><figure class=\"elementor-image-box-img\"><img decoding=\"async\" width=\"637\" height=\"342\" src=\"https:\/\/rocagroup.com\/2023_report\/wp-content\/uploads\/2024\/06\/foto.jpg\" class=\"attachment-full size-full wp-image-97120\" alt=\"\" srcset=\"https:\/\/rocagroup.com\/2023_report\/wp-content\/uploads\/2024\/06\/foto.jpg 637w, https:\/\/rocagroup.com\/2023_report\/wp-content\/uploads\/2024\/06\/foto-300x161.jpg 300w\" sizes=\"(max-width: 637px) 100vw, 637px\" \/><\/figure><div class=\"elementor-image-box-content\"><h3 class=\"elementor-image-box-title\">Participaci\u00f3n en Keramischer OFENBAU para liderar la industria cer\u00e1mica sostenible<\/h3><p class=\"elementor-image-box-description\">El proyecto se ha llevado a cabo mediante una colaboraci\u00f3n pionera con Keramischer OFENBAU, l\u00edder en el mercado de hornos cer\u00e1micos energ\u00e9ticamente eficientes. Para avanzar conjuntamente hacia una industria cer\u00e1mica sostenible, el grupo ha adquirido una participaci\u00f3n mayoritaria en la compa\u00f1\u00eda a trav\u00e9s de Roca Group Ventures, aunque ambos negocios se mantendr\u00e1n totalmente independientes.<\/p><\/div><\/div>\t\t<\/div>\n\t\t\t\t<\/div>\n\t\t\t\t<div class=\"elementor-element elementor-element-d3ffa46 elementor-widget elementor-widget-image\" data-id=\"d3ffa46\" data-element_type=\"widget\" data-widget_type=\"image.default\">\n\t\t\t\t<div class=\"elementor-widget-container\">\n\t\t\t\t\t\t\t\t\t\t\t\t\t<img decoding=\"async\" src=\"https:\/\/rocagroup.com\/2023_report\/wp-content\/uploads\/elementor\/thumbs\/Grupo-5341@2x-qpudopyqir7yir8gatgrmdmy60oxoyd88c67p4mw7e.png\" title=\"Grupo-5341@2x\" alt=\"Grupo-5341@2x\" loading=\"lazy\" \/>\t\t\t\t\t\t\t\t\t\t\t\t\t<\/div>\n\t\t\t\t<\/div>\n\t\t\t\t\t<\/div>\n\t\t\t\t<\/div>\n\t\t\t\t\t<\/div>\n\t\t\t\t<\/div>\n\t\t\t\t\t<\/div>\n\t\t\t\t<\/div>\n\t\t<div class=\"elementor-element elementor-element-1f6b3f4 e-flex e-con-boxed elementor-invisible e-con e-parent\" data-id=\"1f6b3f4\" data-element_type=\"container\" data-settings=\"{&quot;background_background&quot;:&quot;classic&quot;,&quot;animation&quot;:&quot;fadeIn&quot;}\">\n\t\t\t\t\t<div class=\"e-con-inner\">\n\t\t<div class=\"elementor-element elementor-element-131bfa0 e-grid e-con-boxed e-con e-child\" data-id=\"131bfa0\" data-element_type=\"container\">\n\t\t\t\t\t<div class=\"e-con-inner\">\n\t\t<div class=\"elementor-element elementor-element-7eb371a e-flex e-con-boxed e-con e-child\" data-id=\"7eb371a\" data-element_type=\"container\">\n\t\t\t\t\t<div class=\"e-con-inner\">\n\t\t\t\t<div class=\"elementor-element elementor-element-27c968f elementor-widget elementor-widget-spacer\" data-id=\"27c968f\" data-element_type=\"widget\" data-widget_type=\"spacer.default\">\n\t\t\t\t<div class=\"elementor-widget-container\">\n\t\t\t\t\t<div class=\"elementor-spacer\">\n\t\t\t<div class=\"elementor-spacer-inner\"><\/div>\n\t\t<\/div>\n\t\t\t\t<\/div>\n\t\t\t\t<\/div>\n\t\t\t\t\t<\/div>\n\t\t\t\t<\/div>\n\t\t<div class=\"elementor-element elementor-element-c7ce435 e-flex e-con-boxed e-con e-child\" data-id=\"c7ce435\" data-element_type=\"container\">\n\t\t\t\t\t<div class=\"e-con-inner\">\n\t\t<div class=\"elementor-element elementor-element-d9315b0 elementor-hidden-mobile e-flex e-con-boxed e-con e-child\" data-id=\"d9315b0\" data-element_type=\"container\">\n\t\t\t\t\t<div class=\"e-con-inner\">\n\t\t<div class=\"elementor-element elementor-element-f5418a1 e-con-full e-flex e-con e-child\" data-id=\"f5418a1\" data-element_type=\"container\">\n\t\t\t\t<div class=\"elementor-element elementor-element-a4cfcc2 elementor-widget elementor-widget-spacer\" data-id=\"a4cfcc2\" data-element_type=\"widget\" data-widget_type=\"spacer.default\">\n\t\t\t\t<div class=\"elementor-widget-container\">\n\t\t\t\t\t<div class=\"elementor-spacer\">\n\t\t\t<div class=\"elementor-spacer-inner\"><\/div>\n\t\t<\/div>\n\t\t\t\t<\/div>\n\t\t\t\t<\/div>\n\t\t\t\t<\/div>\n\t\t<div class=\"elementor-element elementor-element-de43a0b e-con-full e-flex e-con e-child\" data-id=\"de43a0b\" data-element_type=\"container\">\n\t\t\t\t<div class=\"elementor-element elementor-element-6947557 elementor-align-left e-transform elementor-widget elementor-widget-the7_icon_widget\" data-id=\"6947557\" data-element_type=\"widget\" data-settings=\"{&quot;_transform_rotateZ_effect&quot;:{&quot;unit&quot;:&quot;px&quot;,&quot;size&quot;:-90,&quot;sizes&quot;:[]},&quot;_transform_rotateZ_effect_tablet&quot;:{&quot;unit&quot;:&quot;deg&quot;,&quot;size&quot;:&quot;&quot;,&quot;sizes&quot;:[]},&quot;_transform_rotateZ_effect_mobile&quot;:{&quot;unit&quot;:&quot;deg&quot;,&quot;size&quot;:&quot;&quot;,&quot;sizes&quot;:[]}}\" data-widget_type=\"the7_icon_widget.default\">\n\t\t\t\t<div class=\"elementor-widget-container\">\n\t\t\t<div class=\"the7-icon-wrapper the7-elementor-widget\"><a class=\"elementor-icon\" href=\"https:\/\/rocagroup.com\/2023_report\/planeta\/\"><svg xmlns=\"http:\/\/www.w3.org\/2000\/svg\" xmlns:xlink=\"http:\/\/www.w3.org\/1999\/xlink\" id=\"Componente_36_2\" x=\"0px\" y=\"0px\" viewBox=\"0 0 49 49\" style=\"enable-background:new 0 0 49 49;\" xml:space=\"preserve\"><g id=\"Trazado_7646\">\t<polygon points=\"10.6,30.2 9.6,29.1 24,14.7 38.5,29.1 37.4,30.2 24,16.8  \"><\/polygon><\/g><\/svg><\/a><\/div>\t\t<\/div>\n\t\t\t\t<\/div>\n\t\t\t\t<\/div>\n\t\t\t\t\t<\/div>\n\t\t\t\t<\/div>\n\t\t\t\t\t<\/div>\n\t\t\t\t<\/div>\n\t\t\t\t\t<\/div>\n\t\t\t\t<\/div>\n\t\t\t\t\t<\/div>\n\t\t\t\t<\/div>\n\t\t<div class=\"elementor-element elementor-element-c63d85e elementor-hidden-desktop elementor-hidden-tablet e-flex e-con-boxed e-con e-parent\" data-id=\"c63d85e\" data-element_type=\"container\">\n\t\t\t\t\t<div class=\"e-con-inner\">\n\t\t<div class=\"elementor-element elementor-element-f474f71 e-flex e-con-boxed e-con e-child\" data-id=\"f474f71\" data-element_type=\"container\">\n\t\t\t\t\t<div class=\"e-con-inner\">\n\t\t<div class=\"elementor-element elementor-element-c00f2ec e-con-full e-flex e-con e-child\" data-id=\"c00f2ec\" data-element_type=\"container\">\n\t\t\t\t<div class=\"elementor-element elementor-element-63462ea elementor-widget elementor-widget-spacer\" data-id=\"63462ea\" data-element_type=\"widget\" data-widget_type=\"spacer.default\">\n\t\t\t\t<div class=\"elementor-widget-container\">\n\t\t\t\t\t<div class=\"elementor-spacer\">\n\t\t\t<div class=\"elementor-spacer-inner\"><\/div>\n\t\t<\/div>\n\t\t\t\t<\/div>\n\t\t\t\t<\/div>\n\t\t\t\t<\/div>\n\t\t<div class=\"elementor-element elementor-element-5d0fbdf e-con-full e-flex e-con e-child\" data-id=\"5d0fbdf\" data-element_type=\"container\">\n\t\t\t\t<div class=\"elementor-element elementor-element-557022d elementor-align-left e-transform elementor-widget elementor-widget-the7_icon_widget\" data-id=\"557022d\" data-element_type=\"widget\" data-settings=\"{&quot;_transform_rotateZ_effect&quot;:{&quot;unit&quot;:&quot;px&quot;,&quot;size&quot;:-90,&quot;sizes&quot;:[]},&quot;_transform_rotateZ_effect_tablet&quot;:{&quot;unit&quot;:&quot;deg&quot;,&quot;size&quot;:&quot;&quot;,&quot;sizes&quot;:[]},&quot;_transform_rotateZ_effect_mobile&quot;:{&quot;unit&quot;:&quot;deg&quot;,&quot;size&quot;:&quot;&quot;,&quot;sizes&quot;:[]}}\" data-widget_type=\"the7_icon_widget.default\">\n\t\t\t\t<div class=\"elementor-widget-container\">\n\t\t\t<div class=\"the7-icon-wrapper the7-elementor-widget\"><a class=\"elementor-icon\" href=\"https:\/\/rocagroup.com\/2023_report\/planeta\/\"><svg xmlns=\"http:\/\/www.w3.org\/2000\/svg\" xmlns:xlink=\"http:\/\/www.w3.org\/1999\/xlink\" id=\"Componente_36_2\" x=\"0px\" y=\"0px\" viewBox=\"0 0 49 49\" style=\"enable-background:new 0 0 49 49;\" xml:space=\"preserve\"><g id=\"Trazado_7646\">\t<polygon points=\"10.6,30.2 9.6,29.1 24,14.7 38.5,29.1 37.4,30.2 24,16.8  \"><\/polygon><\/g><\/svg><\/a><\/div>\t\t<\/div>\n\t\t\t\t<\/div>\n\t\t\t\t<\/div>\n\t\t\t\t\t<\/div>\n\t\t\t\t<\/div>\n\t\t\t\t\t<\/div>\n\t\t\t\t<\/div>\n\t\t\t\t<\/div>\n\t\t","protected":false},"excerpt":{"rendered":"<p>https:\/\/roca.developedby.gold\/wp-content\/uploads\/2024\/02\/ekiln_story.mp4 DESCARBONIZACI\u00d3N Pioneros en la producci\u00f3n de porcelana sanitaria sin emisiones Efecto tractor en el sectorImpulso de una industria cer\u00e1mica sostenible, tanto en la producci\u00f3n de sanitarios como de otros productos (cer\u00e1mica estructural y t\u00e9cnica o vajilla). Caso de \u00e9xito europeo Colaboraci\u00f3n entre la sede de Roca Group en Espa\u00f1a, la planta en Austria y&hellip;<\/p>\n","protected":false},"author":1,"featured_media":0,"parent":94560,"menu_order":1,"comment_status":"closed","ping_status":"closed","template":"","meta":{"inline_featured_image":false,"footnotes":""},"class_list":["post-95087","page","type-page","status-publish","hentry"],"_links":{"self":[{"href":"https:\/\/rocagroup.com\/2023_report\/wp-json\/wp\/v2\/pages\/95087","targetHints":{"allow":["GET"]}}],"collection":[{"href":"https:\/\/rocagroup.com\/2023_report\/wp-json\/wp\/v2\/pages"}],"about":[{"href":"https:\/\/rocagroup.com\/2023_report\/wp-json\/wp\/v2\/types\/page"}],"author":[{"embeddable":true,"href":"https:\/\/rocagroup.com\/2023_report\/wp-json\/wp\/v2\/users\/1"}],"replies":[{"embeddable":true,"href":"https:\/\/rocagroup.com\/2023_report\/wp-json\/wp\/v2\/comments?post=95087"}],"version-history":[{"count":15,"href":"https:\/\/rocagroup.com\/2023_report\/wp-json\/wp\/v2\/pages\/95087\/revisions"}],"predecessor-version":[{"id":99133,"href":"https:\/\/rocagroup.com\/2023_report\/wp-json\/wp\/v2\/pages\/95087\/revisions\/99133"}],"up":[{"embeddable":true,"href":"https:\/\/rocagroup.com\/2023_report\/wp-json\/wp\/v2\/pages\/94560"}],"wp:attachment":[{"href":"https:\/\/rocagroup.com\/2023_report\/wp-json\/wp\/v2\/media?parent=95087"}],"curies":[{"name":"wp","href":"https:\/\/api.w.org\/{rel}","templated":true}]}}