{"id":5052,"date":"2025-06-04T09:52:48","date_gmt":"2025-06-04T07:52:48","guid":{"rendered":"https:\/\/rocagroup.digitalsenda.com\/2024_report\/introduction\/"},"modified":"2025-06-12T18:42:23","modified_gmt":"2025-06-12T16:42:23","slug":"presentacion","status":"publish","type":"page","link":"https:\/\/rocagroup.com\/2024_report\/es\/presentacion\/","title":{"rendered":"Presentaci\u00f3n"},"content":{"rendered":"\t\t<div data-elementor-type=\"wp-page\" data-elementor-id=\"5052\" class=\"elementor elementor-5052 elementor-3649\" data-elementor-post-type=\"page\">\n\t\t\t\t<div class=\"elementor-element elementor-element-71aa796 e-flex e-con-boxed e-con e-parent\" data-id=\"71aa796\" data-element_type=\"container\">\n\t\t\t\t\t<div class=\"e-con-inner\">\n\t\t\t\t<div class=\"elementor-element elementor-element-9bd5d69 elementor-widget elementor-widget-heading\" data-id=\"9bd5d69\" data-element_type=\"widget\" data-widget_type=\"heading.default\">\n\t\t\t\t<div class=\"elementor-widget-container\">\n\t\t\t\t\t<h2 class=\"elementor-heading-title elementor-size-default\">Presentaci\u00f3n<\/h2>\t\t\t\t<\/div>\n\t\t\t\t<\/div>\n\t\t\t\t<div class=\"elementor-element elementor-element-9313981 content-align-center icon-box-vertical-align-center icon-position-top icon-vertical-align-center elementor-absolute elementor-widget elementor-widget-the7_icon_box_widget\" data-id=\"9313981\" data-element_type=\"widget\" data-settings=\"{&quot;_position&quot;:&quot;absolute&quot;}\" data-widget_type=\"the7_icon_box_widget.default\">\n\t\t\t\t<div class=\"elementor-widget-container\">\n\t\t\t\t\t\n\t\t<a class=\"the7-box-wrapper the7-elementor-widget box-hover the7_icon_box_widget-9313981\" href=\"https:\/\/rocagroup.com\/2024_report\/elementor-5\/\">\t\t\t<div class=\"box-content-wrapper\">\n\t\t\t\t\t\t\t\t\t<div class=\"elementor-icon-div\">\t\t\t\t\t\t<div class=\"elementor-icon\">\n\t\t\t\t\t\t\t<svg xmlns=\"http:\/\/www.w3.org\/2000\/svg\" id=\"Capa_1\" viewBox=\"0 0 150 150\"><path id=\"Trazado_10\" d=\"M20.49,72.25v64.04h38.43v-34.03h32.2v34.03h38.37v-64.04l12.44,9.51,8.05-10.96L75.02,13.71,0,70.79l8.05,10.96,12.44-9.5Z\"><\/path><\/svg>\t\t\t\t\t\t<\/div>\n\t\t\t\t\t<\/div>\t\t\t\t\t\t\t\t<div class=\"box-content\">\n\t\t\t\t\t\t\t\t\t\t\n\t\t\t\t\t\n\t\t\t\t<\/div>\n\t\t\t<\/div>\n\t\t<\/a>\t\t\t\t\t<\/div>\n\t\t\t\t<\/div>\n\t\t\t\t\t<\/div>\n\t\t\t\t<\/div>\n\t\t<div class=\"elementor-element elementor-element-5e8afc5 e-flex e-con-boxed e-con e-parent\" data-id=\"5e8afc5\" data-element_type=\"container\" data-settings=\"{&quot;background_background&quot;:&quot;classic&quot;}\">\n\t\t\t\t\t<div class=\"e-con-inner\">\n\t\t<div class=\"elementor-element elementor-element-8394e82 e-con-full e-flex e-con e-child\" data-id=\"8394e82\" data-element_type=\"container\" data-settings=\"{&quot;background_background&quot;:&quot;classic&quot;}\">\n\t\t\t\t<div class=\"elementor-element elementor-element-f6a8cdd elementor-widget elementor-widget-text-editor\" data-id=\"f6a8cdd\" data-element_type=\"widget\" data-widget_type=\"text-editor.default\">\n\t\t\t\t<div class=\"elementor-widget-container\">\n\t\t\t\t\t\t\t\t\t<p>El compromiso de Roca Group con el desarrollo sostenible y nuestra visi\u00f3n a largo plazo nos han permitido cerrar el ejercicio 2024 con un sentimiento de satisfacci\u00f3n por el trabajo realizado y los hitos alcanzados en los numerosos proyectos en marcha.<\/p><p>M\u00e1s all\u00e1 de la inestabilidad e incertidumbre del contexto geopol\u00edtico actual, con su inevitable impacto en los principales indicadores financieros, la fidelidad de nuestra organizaci\u00f3n a una forma \u00fanica de entender y gestionar el negocio nos permite seguir avanzando con paso firme en una s\u00f3lida trayectoria empresarial.<\/p><p>Nuestra estrategia sigue guiada por el prop\u00f3sito de contribuir al bienestar de la sociedad con soluciones que mejoran los espacios cotidianos, cuidando de las personas y el planeta, y generando prosperidad. La sostenibilidad es el motor que gu\u00eda a nuestra empresa hacia su misi\u00f3n a trav\u00e9s de este prop\u00f3sito. En este sentido, nos enorgullece haber sido reconocidos en 2024 con la Medalla de Platino de EcoVadis, la m\u00e1xima distinci\u00f3n de esta entidad, que nos sit\u00faa en el top 1% de m\u00e1s de 150.000 empresas evaluadas en 180 pa\u00edses.<\/p><p>Esta nueva edici\u00f3n de la memoria integrada recoge las acciones m\u00e1s significativas y los principales hitos alcanzados durante el ejercicio, estructurados en torno a los tres \u00e1mbitos que abarca nuestro prop\u00f3sito: Personas, Planeta y Prosperidad.<\/p><p><strong>Personas <\/strong><\/p><p>Este a\u00f1o, queremos empezar dedicando un recuerdo especial a las v\u00edctimas y damnificados por la DANA que afect\u00f3 en octubre al Levante espa\u00f1ol, y en particular, al equipo de nuestra planta de Quart de Poblet. Nuestra solidaridad se materializ\u00f3 en la r\u00e1pida activaci\u00f3n de un comit\u00e9 de crisis, la movilizaci\u00f3n inmediata de recursos materiales y econ\u00f3micos, y la creaci\u00f3n de un fondo social que ayud\u00f3 a mitigar el impacto. Esta respuesta ejemplifica el compromiso, la empat\u00eda y la cohesi\u00f3n del equipo humano de Roca Group.<\/p><p>Seguimos avanzando en la consolidaci\u00f3n de un entorno laboral de calidad, diverso e inclusivo. En 2024, arranc\u00f3 la implementaci\u00f3n del nuevo modelo de desarrollo del talento Roca Group Way, y ampliamos progresivamente la oferta formativa de la Roca Group Corporate University, fortaleciendo el aprendizaje continuo y el desarrollo de competencias clave para el futuro.<\/p><p>La Fundaci\u00f3n We Are Water tambi\u00e9n ha intensificado su labor con presencia destacada en foros internacionales sobre cultura del agua y con nuevos proyectos de cooperaci\u00f3n que han llegado por primera vez a pa\u00edses como China, Colombia y Mongolia, alcanzando ya a m\u00e1s de 4 millones de personas beneficiadas en todo el mundo.<\/p><p><strong>Planeta <\/strong><\/p><p>Nuestro compromiso con el Planeta se articula en una estrategia transversal, basada en la innovaci\u00f3n y en la implicaci\u00f3n activa de todos nuestros centros productivos, con el objetivo de minimizar progresivamente el impacto medioambiental de nuestras operaciones.<\/p><p>El liderazgo de Roca Group en la descarbonizaci\u00f3n industrial, impulsado por la puesta en marcha del primer horno el\u00e9ctrico para la producci\u00f3n de porcelana sanitaria en 2023, se ha afianzado con la consolidaci\u00f3n de la primera f\u00e1brica libre de emisiones del mundo en el sector, un hito que establece un nuevo est\u00e1ndar para toda la industria cer\u00e1mica, hist\u00f3ricamente intensiva en consumo energ\u00e9tico y emisiones de gases de efecto invernadero.<\/p><p>En l\u00ednea con nuestra ambici\u00f3n clim\u00e1tica, nuestros objetivos de reducci\u00f3n de emisiones han sido validados por la iniciativa Science Based Targets, y hemos alcanzado una reducci\u00f3n acumulada del 53% en las emisiones de alcance 1 y 2 respecto a 2018. Tambi\u00e9n hemos firmado un acuerdo que garantiza el suministro de energ\u00eda el\u00e9ctrica 100% renovable para todas nuestras operaciones en Europa a partir de 2025.<\/p><p>Simult\u00e1neamente, continuamos desplegando nuestra hoja de ruta de circularidad, estructurando planes espec\u00edficos en cada continente, con metas ambiciosas y con total transparencia, avaladas por organismos internacionales de m\u00e1ximo rigor.<\/p><p><strong>Prosperidad <\/strong><\/p><p>En un contexto de ralentizaci\u00f3n econ\u00f3mica global e incertidumbre por las tensiones geopol\u00edticas, hemos alcanzado una cifra de negocios de 1.948 millones de euros, con un EBITDA del 14,7%. A pesar de este entorno complejo, hemos mantenido la fortaleza financiera del grupo y aumentado las inversiones corrientes hasta los 155 millones de euros, el mayor volumen de los \u00faltimos a\u00f1os, asegurando as\u00ed nuestra capacidad de crecimiento futuro.<\/p><p>Nuestra estrategia de crecimiento inorg\u00e1nico se ha reforzado con la incorporaci\u00f3n de nuevas compa\u00f1\u00edas especializadas que responden a las tendencias de transformaci\u00f3n del espacio de ba\u00f1o: Innotec (sistemas de instalaci\u00f3n), Idral (grifer\u00eda), y Nosag e IneoCare (soluciones de adaptabilidad). Estas adquisiciones fortalecen nuestros Centros de Competencia y ampl\u00edan nuestras capacidades tecnol\u00f3gicas y de conocimiento.<\/p><p>La plataforma Roca Group Ventures ha continuado su labor de identificaci\u00f3n y colaboraci\u00f3n con start-ups y fondos que impulsan la innovaci\u00f3n disruptiva en el sector, al tiempo que promueve una cultura interna de emprendimiento y transformaci\u00f3n.<\/p><p>Como reflejo de nuestra visi\u00f3n a largo plazo, en febrero de 2025 presentamos Roca City, un ambicioso proyecto de regeneraci\u00f3n urbana que transformar\u00e1 nuestros hist\u00f3ricos terrenos industriales de Gav\u00e0 y Viladecans (Barcelona) en un nuevo polo de desarrollo econ\u00f3mico, sostenibilidad e innovaci\u00f3n para el sector de la construcci\u00f3n. Un proyecto que simboliza nuestro compromiso con el territorio, con las personas y con el futuro.<\/p><p>Desde el Consejo de Administraci\u00f3n, queremos agradecer la implicaci\u00f3n, esfuerzo y compromiso de las 19.532 personas que forman Roca Group, as\u00ed como la confianza de nuestros clientes, proveedores, accionistas y dem\u00e1s grupos de inter\u00e9s.<\/p><p>Juntos, seguimos construyendo un futuro donde el impacto positivo se multiplica a trav\u00e9s de cada una de nuestras acciones. Juntos, somos Roca Group.<\/p>\t\t\t\t\t\t\t\t<\/div>\n\t\t\t\t<\/div>\n\t\t\t\t<div class=\"elementor-element elementor-element-6179d79 content-align-left icon-box-vertical-align-top icon-vertical-align-start elementor-widget elementor-widget-the7_image_box_widget\" data-id=\"6179d79\" data-element_type=\"widget\" data-widget_type=\"the7_image_box_widget.default\">\n\t\t\t\t<div class=\"elementor-widget-container\">\n\t\t\t\t\t\n\t\t<div class=\"the7-box-wrapper the7-elementor-widget the7_image_box_widget-6179d79\">\t\t\t<div class=\"box-content-wrapper\">\n\t\t\t\t\t\t\t\t<div class=\"elementor-image-div \">\n\t\t\t\t\t<a class=\"post-thumbnail-rollover layzr-bg img-css-resize-wrapper\" ><img decoding=\"async\" width=\"266\" height=\"123\" src=\"data:image\/svg+xml,%3Csvg%20xmlns%3D&#039;http%3A%2F%2Fwww.w3.org%2F2000%2Fsvg&#039;%20viewBox%3D&#039;0%200%20266%20123&#039;%2F%3E\" class=\"attachment-full size-full preload-me aspect lazy lazy-load\" alt=\"\" style=\"--ratio: 266 \/ 123;\" data-src=\"https:\/\/rocagroup.com\/2024_report\/wp-content\/uploads\/2025\/06\/firma.png\" loading=\"eager\" \/><span class=\"the7-hover-icon\"><\/span><\/a>\t\t\t\t<\/div>\n\t\t\t\t\n\t\t\t\t<div class=\"box-content\">\n\t\t\t\t\t<h4 class=\"box-heading\"><a >Santiago de Gomar Roca<\/a><\/h4><div class=\"box-description\">Presidente<\/div>\t\t\t\t<\/div>\n\t\t\t<\/div>\n\t\t<\/div>\t\t\t\t<\/div>\n\t\t\t\t<\/div>\n\t\t\t\t<\/div>\n\t\t\t\t\t<\/div>\n\t\t\t\t<\/div>\n\t\t<div class=\"elementor-element elementor-element-080120d elementor-hidden-mobile e-flex e-con-boxed e-con e-parent\" data-id=\"080120d\" data-element_type=\"container\">\n\t\t\t\t\t<div class=\"e-con-inner\">\n\t\t<div class=\"elementor-element elementor-element-1d4e8aa e-con-full e-flex e-con e-child\" data-id=\"1d4e8aa\" data-element_type=\"container\" data-settings=\"{&quot;background_background&quot;:&quot;classic&quot;}\">\n\t\t\t\t<div class=\"elementor-element elementor-element-f48dc1c icon-box-vertical-align-center e-transform content-align-left icon-position-left icon-vertical-align-start elementor-widget elementor-widget-the7_icon_box_widget\" data-id=\"f48dc1c\" data-element_type=\"widget\" data-settings=\"{&quot;_transform_translateX_effect_hover&quot;:{&quot;unit&quot;:&quot;px&quot;,&quot;size&quot;:-30,&quot;sizes&quot;:[]},&quot;_transform_translateX_effect_hover_tablet&quot;:{&quot;unit&quot;:&quot;px&quot;,&quot;size&quot;:&quot;&quot;,&quot;sizes&quot;:[]},&quot;_transform_translateX_effect_hover_mobile&quot;:{&quot;unit&quot;:&quot;px&quot;,&quot;size&quot;:&quot;&quot;,&quot;sizes&quot;:[]},&quot;_transform_translateY_effect_hover&quot;:{&quot;unit&quot;:&quot;px&quot;,&quot;size&quot;:&quot;&quot;,&quot;sizes&quot;:[]},&quot;_transform_translateY_effect_hover_tablet&quot;:{&quot;unit&quot;:&quot;px&quot;,&quot;size&quot;:&quot;&quot;,&quot;sizes&quot;:[]},&quot;_transform_translateY_effect_hover_mobile&quot;:{&quot;unit&quot;:&quot;px&quot;,&quot;size&quot;:&quot;&quot;,&quot;sizes&quot;:[]}}\" data-widget_type=\"the7_icon_box_widget.default\">\n\t\t\t\t<div class=\"elementor-widget-container\">\n\t\t\t\t\t\n\t\t<a class=\"the7-box-wrapper the7-elementor-widget box-hover the7_icon_box_widget-f48dc1c\" href=\"https:\/\/rocagroup.com\/2024_report\/elementor-5\/\">\t\t\t<div class=\"box-content-wrapper\">\n\t\t\t\t\t\t\t\t\t<div class=\"elementor-icon-div\">\t\t\t\t\t\t<div class=\"elementor-icon\">\n\t\t\t\t\t\t\t<svg xmlns=\"http:\/\/www.w3.org\/2000\/svg\" xmlns:xlink=\"http:\/\/www.w3.org\/1999\/xlink\" id=\"Componente_36_2\" x=\"0px\" y=\"0px\" viewBox=\"0 0 49 49\" style=\"enable-background:new 0 0 49 49;\" xml:space=\"preserve\"> <g id=\"Trazado_7643\"> <polygon points=\"36.3,48.6 12.2,24.5 36.3,0.4 36.8,0.9 13.2,24.5 36.8,48.1 \"><\/polygon> <\/g> <\/svg>\t\t\t\t\t\t<\/div>\n\t\t\t\t\t<\/div>\t\t\t\t\t\t\t\t<div class=\"box-content\">\n\t\t\t\t\t\t\t\t\t\t\t\t\t\t\t\t\t<div class=\"box-heading\">\n\t\t\t\t\t\t\t\t\t\t\t\t\t\t\tAnterior\t\t\t\t\t\t\t\t\t\t\t\t\t<\/div>\n\t\t\t\t\t\t\t\t\t\t\t\t\t\t\t\t<div class=\"box-description\">Inicio<\/div>\n\t\t\t\t\t\n\t\t\t\t\t\n\t\t\t\t<\/div>\n\t\t\t<\/div>\n\t\t<\/a>\t\t\t\t\t<\/div>\n\t\t\t\t<\/div>\n\t\t\t\t<\/div>\n\t\t<div class=\"elementor-element elementor-element-5463648 e-con-full e-flex e-con e-child\" data-id=\"5463648\" data-element_type=\"container\" data-settings=\"{&quot;background_background&quot;:&quot;classic&quot;}\">\n\t\t\t\t<div class=\"elementor-element elementor-element-6cb3e75 content-align-right icon-box-vertical-align-center icon-position-right e-transform icon-vertical-align-start elementor-widget elementor-widget-the7_icon_box_widget\" data-id=\"6cb3e75\" data-element_type=\"widget\" data-settings=\"{&quot;_transform_translateX_effect_hover&quot;:{&quot;unit&quot;:&quot;px&quot;,&quot;size&quot;:-30,&quot;sizes&quot;:[]},&quot;_transform_translateX_effect_hover_tablet&quot;:{&quot;unit&quot;:&quot;px&quot;,&quot;size&quot;:&quot;&quot;,&quot;sizes&quot;:[]},&quot;_transform_translateX_effect_hover_mobile&quot;:{&quot;unit&quot;:&quot;px&quot;,&quot;size&quot;:&quot;&quot;,&quot;sizes&quot;:[]},&quot;_transform_translateY_effect_hover&quot;:{&quot;unit&quot;:&quot;px&quot;,&quot;size&quot;:&quot;&quot;,&quot;sizes&quot;:[]},&quot;_transform_translateY_effect_hover_tablet&quot;:{&quot;unit&quot;:&quot;px&quot;,&quot;size&quot;:&quot;&quot;,&quot;sizes&quot;:[]},&quot;_transform_translateY_effect_hover_mobile&quot;:{&quot;unit&quot;:&quot;px&quot;,&quot;size&quot;:&quot;&quot;,&quot;sizes&quot;:[]}}\" data-widget_type=\"the7_icon_box_widget.default\">\n\t\t\t\t<div class=\"elementor-widget-container\">\n\t\t\t\t\t\n\t\t<a class=\"the7-box-wrapper the7-elementor-widget box-hover the7_icon_box_widget-6cb3e75\" href=\"https:\/\/rocagroup.com\/2024_report\/people\/\">\t\t\t<div class=\"box-content-wrapper\">\n\t\t\t\t\t\t\t\t\t<div class=\"elementor-icon-div\">\t\t\t\t\t\t<div class=\"elementor-icon\">\n\t\t\t\t\t\t\t<svg xmlns=\"http:\/\/www.w3.org\/2000\/svg\" xmlns:xlink=\"http:\/\/www.w3.org\/1999\/xlink\" id=\"Componente_36_2\" x=\"0px\" y=\"0px\" viewBox=\"0 0 49 49\" style=\"enable-background:new 0 0 49 49;\" xml:space=\"preserve\"> <g id=\"Trazado_7643\"> <polygon points=\"12.7,48.6 36.8,24.5 12.7,0.4 12.2,0.9 35.8,24.5 12.2,48.1 \"><\/polygon> <\/g> <\/svg>\t\t\t\t\t\t<\/div>\n\t\t\t\t\t<\/div>\t\t\t\t\t\t\t\t<div class=\"box-content\">\n\t\t\t\t\t\t\t\t\t\t\t\t\t\t\t\t\t<div class=\"box-heading\">\n\t\t\t\t\t\t\t\t\t\t\t\t\t\t\tSiguiente\t\t\t\t\t\t\t\t\t\t\t\t\t<\/div>\n\t\t\t\t\t\t\t\t\t\t\t\t\t\t\t\t<div class=\"box-description\">Personas<\/div>\n\t\t\t\t\t\n\t\t\t\t\t\n\t\t\t\t<\/div>\n\t\t\t<\/div>\n\t\t<\/a>\t\t\t\t\t<\/div>\n\t\t\t\t<\/div>\n\t\t\t\t<\/div>\n\t\t\t\t\t<\/div>\n\t\t\t\t<\/div>\n\t\t<div class=\"elementor-element elementor-element-ecece74 elementor-hidden-desktop elementor-hidden-tablet e-flex e-con-boxed e-con e-parent\" data-id=\"ecece74\" data-element_type=\"container\">\n\t\t\t\t\t<div class=\"e-con-inner\">\n\t\t<div class=\"elementor-element elementor-element-76b4926 e-con-full e-flex e-con e-child\" data-id=\"76b4926\" data-element_type=\"container\" data-settings=\"{&quot;background_background&quot;:&quot;classic&quot;}\">\n\t\t\t\t<div class=\"elementor-element elementor-element-13166a0 elementor-align-center elementor-widget elementor-widget-the7_icon_widget\" data-id=\"13166a0\" data-element_type=\"widget\" data-widget_type=\"the7_icon_widget.default\">\n\t\t\t\t<div class=\"elementor-widget-container\">\n\t\t\t\t\t<div class=\"the7-icon-wrapper the7-elementor-widget\"><a class=\"elementor-icon\" href=\"https:\/\/rocagroup.com\/2024_report\/elementor-5\/\"><svg xmlns=\"http:\/\/www.w3.org\/2000\/svg\" xmlns:xlink=\"http:\/\/www.w3.org\/1999\/xlink\" id=\"Componente_36_2\" x=\"0px\" y=\"0px\" viewBox=\"0 0 49 49\" style=\"enable-background:new 0 0 49 49;\" xml:space=\"preserve\"><g id=\"Trazado_7646\"> <polygon points=\"18.8,24.4 32.2,37.9 31.1,39 16.7,24.4 31.2,10 32.3,11 \"><\/polygon><\/g><\/svg><\/a><\/div>\t\t\t\t<\/div>\n\t\t\t\t<\/div>\n\t\t\t\t<\/div>\n\t\t<div class=\"elementor-element elementor-element-703fd43 e-con-full e-flex e-con e-child\" data-id=\"703fd43\" data-element_type=\"container\" data-settings=\"{&quot;background_background&quot;:&quot;classic&quot;}\">\n\t\t\t\t<div class=\"elementor-element elementor-element-8b29089 elementor-align-center elementor-widget elementor-widget-the7_icon_widget\" data-id=\"8b29089\" data-element_type=\"widget\" data-widget_type=\"the7_icon_widget.default\">\n\t\t\t\t<div class=\"elementor-widget-container\">\n\t\t\t\t\t<div class=\"the7-icon-wrapper the7-elementor-widget\"><a class=\"elementor-icon\" href=\"https:\/\/rocagroup.com\/2024_report\/people\/\"><svg xmlns=\"http:\/\/www.w3.org\/2000\/svg\" xmlns:xlink=\"http:\/\/www.w3.org\/1999\/xlink\" id=\"Componente_36_2\" x=\"0px\" y=\"0px\" viewBox=\"0 0 49 49\" style=\"enable-background:new 0 0 49 49;\" xml:space=\"preserve\"><g id=\"Trazado_7646\"> <polygon points=\"16.7,11 17.8,10 32.3,24.4 17.9,39 16.8,37.9 30.2,24.4 \"><\/polygon><\/g><\/svg><\/a><\/div>\t\t\t\t<\/div>\n\t\t\t\t<\/div>\n\t\t\t\t<\/div>\n\t\t\t\t\t<\/div>\n\t\t\t\t<\/div>\n\t\t\t\t<\/div>\n\t\t","protected":false},"excerpt":{"rendered":"<p>Presentaci\u00f3n El compromiso de Roca Group con el desarrollo sostenible y nuestra visi\u00f3n a largo plazo nos han permitido cerrar el ejercicio 2024 con un sentimiento de satisfacci\u00f3n por el trabajo realizado y los hitos alcanzados en los numerosos proyectos en marcha. M\u00e1s all\u00e1 de la inestabilidad e incertidumbre del contexto geopol\u00edtico actual, con su&hellip;<\/p>\n","protected":false},"author":1,"featured_media":0,"parent":0,"menu_order":0,"comment_status":"closed","ping_status":"closed","template":"elementor_canvas","meta":{"footnotes":""},"class_list":["post-5052","page","type-page","status-publish","hentry"],"_links":{"self":[{"href":"https:\/\/rocagroup.com\/2024_report\/es\/wp-json\/wp\/v2\/pages\/5052","targetHints":{"allow":["GET"]}}],"collection":[{"href":"https:\/\/rocagroup.com\/2024_report\/es\/wp-json\/wp\/v2\/pages"}],"about":[{"href":"https:\/\/rocagroup.com\/2024_report\/es\/wp-json\/wp\/v2\/types\/page"}],"author":[{"embeddable":true,"href":"https:\/\/rocagroup.com\/2024_report\/es\/wp-json\/wp\/v2\/users\/1"}],"replies":[{"embeddable":true,"href":"https:\/\/rocagroup.com\/2024_report\/es\/wp-json\/wp\/v2\/comments?post=5052"}],"version-history":[{"count":1,"href":"https:\/\/rocagroup.com\/2024_report\/es\/wp-json\/wp\/v2\/pages\/5052\/revisions"}],"predecessor-version":[{"id":5133,"href":"https:\/\/rocagroup.com\/2024_report\/es\/wp-json\/wp\/v2\/pages\/5052\/revisions\/5133"}],"wp:attachment":[{"href":"https:\/\/rocagroup.com\/2024_report\/es\/wp-json\/wp\/v2\/media?parent=5052"}],"curies":[{"name":"wp","href":"https:\/\/api.w.org\/{rel}","templated":true}]}}